{"id":314,"date":"2020-12-05T18:42:40","date_gmt":"2020-12-05T18:42:40","guid":{"rendered":"http:\/\/digiflex.themezinho.net\/?page_id=314"},"modified":"2023-09-10T17:01:55","modified_gmt":"2023-09-11T00:01:55","slug":"faq","status":"publish","type":"page","link":"https:\/\/6mediasports.com\/en\/faq\/","title":{"rendered":"FAQ"},"content":{"rendered":"<section class=\"wpb-content-wrapper\"><section  class=\"content-section\" ><div class=\"container\"><div class=\"vc_row wpb_row vc_row-fluid justify-content-center\"><div class=\"wpb_column vc_column_container vc_col-sm-12 vc_col-md-offset-2 vc_col-md-8\"><div class=\"vc_column-inner\"><div class=\"wpb_wrapper\"><div class=\"section-title  text-center\"  style='color:;'>\n    <h6> Respuestas r\u00e1pidas a peque\u00f1os problemas <\/h6>\n      <h2>Preguntas Frecuentes<\/h2>\n  <\/div>\n<div class=\"accordion-box\">\n  <div class=\"accordion\" id=\"accordion\" role=\"tablist\">\n        <div class=\"card\">\n      <div class=\"card-header\" role=\"tab\" id=\"C\u00f3mo puedo ver un evento?\"> <a data-toggle=\"collapse\" href=\"#collapse1\" aria-expanded=\"false\" >C\u00f3mo puedo ver un evento? <\/a> <\/div>\n      <div id=\"collapse1\" class=\"collapse\" data-parent=\"#accordion\">\n        <div class=\"card-body\"> Para poder ver uno de los eventos EN VIVO o ON DEMAND es necesario hacer el pago del <u>PPV<\/u>. Solo escoja el evento y vaya a la opci\u00f3n de <u>Suscribe to watch<\/u>. Inicie sesi\u00f3n o cree una cuenta en <u>Sing-up<\/u>. Llene los campos necesarios y pulse aceptar. Enseguida aparecer\u00e1 un campo para introducir su tarjeta. Complete la informaci\u00f3n y listo. Su cuenta tendr\u00e1 acceso a ver el evento seleccionado.<\/div>\n        <!-- end card-body --> \n      <\/div>\n      <!-- end collapse --> \n    <\/div>\n    <!-- end card -->\n    \n        <div class=\"card\">\n      <div class=\"card-header\" role=\"tab\" id=\"Que plataforma de pago utilizan?\"> <a data-toggle=\"collapse\" href=\"#collapse2\" aria-expanded=\"false\" >Que plataforma de pago utilizan? <\/a> <\/div>\n      <div id=\"collapse2\" class=\"collapse\" data-parent=\"#accordion\">\n        <div class=\"card-body\"> Los pagos se hacen mediante Stripe, una de las plataformas de pago m\u00e1s seguras en el mundo. Nosotros no tenemos acceso a su tarjeta ni datos introducidos en los campos de pago. Si quiere conocer m\u00e1s sobre Stripe de click <a href=\"http:\/\/www.stripe.com\"> aqu\u00ed<\/a><\/div>\n        <!-- end card-body --> \n      <\/div>\n      <!-- end collapse --> \n    <\/div>\n    <!-- end card -->\n    \n        <div class=\"card\">\n      <div class=\"card-header\" role=\"tab\" id=\"Puedo comprar otro evento con mi misma cuenta?\"> <a data-toggle=\"collapse\" href=\"#collapse3\" aria-expanded=\"false\" >Puedo comprar otro evento con mi misma cuenta? <\/a> <\/div>\n      <div id=\"collapse3\" class=\"collapse\" data-parent=\"#accordion\">\n        <div class=\"card-body\"> S\u00ed, cuando selecciones el nuevo evento que quieres ver, solo inicia sesi\u00f3n para que tu cuenta tenga acceso a este nuevo material una vez que hayas realizado el pago.<\/div>\n        <!-- end card-body --> \n      <\/div>\n      <!-- end collapse --> \n    <\/div>\n    <!-- end card -->\n    \n        <div class=\"card\">\n      <div class=\"card-header\" role=\"tab\" id=\"Olvid\u00e9 mi contrase\u00f1a\"> <a data-toggle=\"collapse\" href=\"#collapse4\" aria-expanded=\"false\" >Olvid\u00e9 mi contrase\u00f1a <\/a> <\/div>\n      <div id=\"collapse4\" class=\"collapse\" data-parent=\"#accordion\">\n        <div class=\"card-body\"> Solo escoge el video que quieres ver y en la ventana de inicio de sesi\u00f3n hay un bot\u00f3n que dice Forgot your password. Da click en el y sigue las instrucciones para recuperarla<\/div>\n        <!-- end card-body --> \n      <\/div>\n      <!-- end collapse --> \n    <\/div>\n    <!-- end card -->\n    \n        <div class=\"card\">\n      <div class=\"card-header\" role=\"tab\" id=\"Cu\u00e1nto tarda el pago en procesarse?\"> <a data-toggle=\"collapse\" href=\"#collapse5\" aria-expanded=\"false\" >Cu\u00e1nto tarda el pago en procesarse? <\/a> <\/div>\n      <div id=\"collapse5\" class=\"collapse\" data-parent=\"#accordion\">\n        <div class=\"card-body\"> Si utilizas tarjetas de M\u00e9xico para hacer el pago con Stripe, el proceso es instant\u00e1neo. Al terminar el cobro ser\u00e1s redirigido a la p\u00e1gina del evento. Si eliges Paypal, el proceso de pago tarda una hora en verse reflejado. Si utilizas la opci\u00f3n de pago con tarjetas en MercadoPago, el cobro puede tardar un par de horas en verse reflejado. Toma en cuenta que si pagas con efectivo en Oxxo o otra tienda el pago puede tardar hasta 2 d\u00edas en verse reflejado.<\/div>\n        <!-- end card-body --> \n      <\/div>\n      <!-- end collapse --> \n    <\/div>\n    <!-- end card -->\n    \n      <\/div>\n<\/div>\n<!-- end accordion -->\n\n<\/div><\/div><\/div><\/div><\/div><\/section>\n<\/section>","protected":false},"excerpt":{"rendered":"Respuestas r\u00e1pidas a peque\u00f1os problemas Preguntas Frecuentes C\u00f3mo puedo ver un evento? Para poder ver uno de los eventos EN VIVO o ON DEMAND es necesario hacer el pago del PPV. Solo escoja el evento y vaya a la opci\u00f3n de Suscribe to watch. Inicie sesi\u00f3n o cree una cuenta en Sing-up. Llene los campos [...]","protected":false},"author":1,"featured_media":0,"parent":0,"menu_order":0,"comment_status":"closed","ping_status":"closed","template":"page-builder.php","meta":{"footnotes":""},"class_list":["post-314","page","type-page","status-publish","hentry"],"yoast_head":"<!-- This site is optimized with the Yoast SEO plugin v27.4 - https:\/\/yoast.com\/product\/yoast-seo-wordpress\/ -->\n<title>FAQ - 6MEDIA SPORTS<\/title>\n<meta name=\"robots\" content=\"index, follow, max-snippet:-1, max-image-preview:large, max-video-preview:-1\" \/>\n<link rel=\"canonical\" href=\"https:\/\/6mediasports.com\/en\/faq\/\" \/>\n<meta property=\"og:locale\" content=\"en_US\" \/>\n<meta property=\"og:type\" content=\"article\" \/>\n<meta property=\"og:title\" content=\"FAQ - 6MEDIA SPORTS\" \/>\n<meta property=\"og:url\" content=\"https:\/\/6mediasports.com\/en\/faq\/\" \/>\n<meta property=\"og:site_name\" content=\"6MEDIA SPORTS\" \/>\n<meta property=\"article:publisher\" content=\"https:\/\/www.facebook.com\/seismediavideo\" \/>\n<meta property=\"article:modified_time\" content=\"2023-09-11T00:01:55+00:00\" \/>\n<meta property=\"og:image\" content=\"https:\/\/6mediasports.com\/wp-content\/uploads\/2023\/07\/cropped-LOGO-SOLO.png\" \/>\n\t<meta property=\"og:image:width\" content=\"512\" \/>\n\t<meta property=\"og:image:height\" content=\"512\" \/>\n\t<meta property=\"og:image:type\" content=\"image\/png\" \/>\n<meta name=\"twitter:card\" content=\"summary_large_image\" \/>\n<meta name=\"twitter:label1\" content=\"Est. reading time\" \/>\n\t<meta name=\"twitter:data1\" content=\"2 minutes\" \/>\n<script type=\"application\/ld+json\" class=\"yoast-schema-graph\">{\"@context\":\"https:\\\/\\\/schema.org\",\"@graph\":[{\"@type\":\"WebPage\",\"@id\":\"https:\\\/\\\/6mediasports.com\\\/faq\\\/\",\"url\":\"https:\\\/\\\/6mediasports.com\\\/faq\\\/\",\"name\":\"FAQ - 6MEDIA SPORTS\",\"isPartOf\":{\"@id\":\"https:\\\/\\\/6mediasports.com\\\/#website\"},\"datePublished\":\"2020-12-05T18:42:40+00:00\",\"dateModified\":\"2023-09-11T00:01:55+00:00\",\"breadcrumb\":{\"@id\":\"https:\\\/\\\/6mediasports.com\\\/faq\\\/#breadcrumb\"},\"inLanguage\":\"en-US\",\"potentialAction\":[{\"@type\":\"ReadAction\",\"target\":[\"https:\\\/\\\/6mediasports.com\\\/faq\\\/\"]}]},{\"@type\":\"BreadcrumbList\",\"@id\":\"https:\\\/\\\/6mediasports.com\\\/faq\\\/#breadcrumb\",\"itemListElement\":[{\"@type\":\"ListItem\",\"position\":1,\"name\":\"Inicio\",\"item\":\"https:\\\/\\\/6mediasports.com\\\/\"},{\"@type\":\"ListItem\",\"position\":2,\"name\":\"FAQ\"}]},{\"@type\":\"WebSite\",\"@id\":\"https:\\\/\\\/6mediasports.com\\\/#website\",\"url\":\"https:\\\/\\\/6mediasports.com\\\/\",\"name\":\"6Media Sports\",\"description\":\"Lo mejor del deporte en vivo!!!\",\"publisher\":{\"@id\":\"https:\\\/\\\/6mediasports.com\\\/#organization\"},\"alternateName\":\"6MS\",\"potentialAction\":[{\"@type\":\"SearchAction\",\"target\":{\"@type\":\"EntryPoint\",\"urlTemplate\":\"https:\\\/\\\/6mediasports.com\\\/?s={search_term_string}\"},\"query-input\":{\"@type\":\"PropertyValueSpecification\",\"valueRequired\":true,\"valueName\":\"search_term_string\"}}],\"inLanguage\":\"en-US\"},{\"@type\":\"Organization\",\"@id\":\"https:\\\/\\\/6mediasports.com\\\/#organization\",\"name\":\"6Media Sports\",\"url\":\"https:\\\/\\\/6mediasports.com\\\/\",\"logo\":{\"@type\":\"ImageObject\",\"inLanguage\":\"en-US\",\"@id\":\"https:\\\/\\\/6mediasports.com\\\/#\\\/schema\\\/logo\\\/image\\\/\",\"url\":\"https:\\\/\\\/6mediasports.com\\\/wp-content\\\/uploads\\\/2023\\\/08\\\/sports-2.webp\",\"contentUrl\":\"https:\\\/\\\/6mediasports.com\\\/wp-content\\\/uploads\\\/2023\\\/08\\\/sports-2.webp\",\"width\":327,\"height\":162,\"caption\":\"6Media Sports\"},\"image\":{\"@id\":\"https:\\\/\\\/6mediasports.com\\\/#\\\/schema\\\/logo\\\/image\\\/\"},\"sameAs\":[\"https:\\\/\\\/www.facebook.com\\\/seismediavideo\",\"https:\\\/\\\/www.youtube.com\\\/@6mediasports\"]}]}<\/script>\n<!-- \/ Yoast SEO plugin. -->","yoast_head_json":{"title":"FAQ - 6MEDIA SPORTS","robots":{"index":"index","follow":"follow","max-snippet":"max-snippet:-1","max-image-preview":"max-image-preview:large","max-video-preview":"max-video-preview:-1"},"canonical":"https:\/\/6mediasports.com\/en\/faq\/","og_locale":"en_US","og_type":"article","og_title":"FAQ - 6MEDIA SPORTS","og_url":"https:\/\/6mediasports.com\/en\/faq\/","og_site_name":"6MEDIA SPORTS","article_publisher":"https:\/\/www.facebook.com\/seismediavideo","article_modified_time":"2023-09-11T00:01:55+00:00","og_image":[{"width":512,"height":512,"url":"https:\/\/6mediasports.com\/wp-content\/uploads\/2023\/07\/cropped-LOGO-SOLO.png","type":"image\/png"}],"twitter_card":"summary_large_image","twitter_misc":{"Est. reading time":"2 minutes"},"schema":{"@context":"https:\/\/schema.org","@graph":[{"@type":"WebPage","@id":"https:\/\/6mediasports.com\/faq\/","url":"https:\/\/6mediasports.com\/faq\/","name":"FAQ - 6MEDIA SPORTS","isPartOf":{"@id":"https:\/\/6mediasports.com\/#website"},"datePublished":"2020-12-05T18:42:40+00:00","dateModified":"2023-09-11T00:01:55+00:00","breadcrumb":{"@id":"https:\/\/6mediasports.com\/faq\/#breadcrumb"},"inLanguage":"en-US","potentialAction":[{"@type":"ReadAction","target":["https:\/\/6mediasports.com\/faq\/"]}]},{"@type":"BreadcrumbList","@id":"https:\/\/6mediasports.com\/faq\/#breadcrumb","itemListElement":[{"@type":"ListItem","position":1,"name":"Inicio","item":"https:\/\/6mediasports.com\/"},{"@type":"ListItem","position":2,"name":"FAQ"}]},{"@type":"WebSite","@id":"https:\/\/6mediasports.com\/#website","url":"https:\/\/6mediasports.com\/","name":"6Media Sports","description":"Lo mejor del deporte en vivo!!!","publisher":{"@id":"https:\/\/6mediasports.com\/#organization"},"alternateName":"6MS","potentialAction":[{"@type":"SearchAction","target":{"@type":"EntryPoint","urlTemplate":"https:\/\/6mediasports.com\/?s={search_term_string}"},"query-input":{"@type":"PropertyValueSpecification","valueRequired":true,"valueName":"search_term_string"}}],"inLanguage":"en-US"},{"@type":"Organization","@id":"https:\/\/6mediasports.com\/#organization","name":"6Media Sports","url":"https:\/\/6mediasports.com\/","logo":{"@type":"ImageObject","inLanguage":"en-US","@id":"https:\/\/6mediasports.com\/#\/schema\/logo\/image\/","url":"https:\/\/6mediasports.com\/wp-content\/uploads\/2023\/08\/sports-2.webp","contentUrl":"https:\/\/6mediasports.com\/wp-content\/uploads\/2023\/08\/sports-2.webp","width":327,"height":162,"caption":"6Media Sports"},"image":{"@id":"https:\/\/6mediasports.com\/#\/schema\/logo\/image\/"},"sameAs":["https:\/\/www.facebook.com\/seismediavideo","https:\/\/www.youtube.com\/@6mediasports"]}]}},"_links":{"self":[{"href":"https:\/\/6mediasports.com\/en\/wp-json\/wp\/v2\/pages\/314","targetHints":{"allow":["GET"]}}],"collection":[{"href":"https:\/\/6mediasports.com\/en\/wp-json\/wp\/v2\/pages"}],"about":[{"href":"https:\/\/6mediasports.com\/en\/wp-json\/wp\/v2\/types\/page"}],"author":[{"embeddable":true,"href":"https:\/\/6mediasports.com\/en\/wp-json\/wp\/v2\/users\/1"}],"replies":[{"embeddable":true,"href":"https:\/\/6mediasports.com\/en\/wp-json\/wp\/v2\/comments?post=314"}],"version-history":[{"count":2,"href":"https:\/\/6mediasports.com\/en\/wp-json\/wp\/v2\/pages\/314\/revisions"}],"predecessor-version":[{"id":1269,"href":"https:\/\/6mediasports.com\/en\/wp-json\/wp\/v2\/pages\/314\/revisions\/1269"}],"wp:attachment":[{"href":"https:\/\/6mediasports.com\/en\/wp-json\/wp\/v2\/media?parent=314"}],"curies":[{"name":"wp","href":"https:\/\/api.w.org\/{rel}","templated":true}]}}