{"id":300,"date":"2020-12-05T18:24:06","date_gmt":"2020-12-05T18:24:06","guid":{"rendered":"http:\/\/digiflex.themezinho.net\/?page_id=300"},"modified":"2025-04-20T20:48:04","modified_gmt":"2025-04-21T03:48:04","slug":"contacto","status":"publish","type":"page","link":"https:\/\/6mediasports.com\/en\/contacto\/","title":{"rendered":"Contacto"},"content":{"rendered":"<section class=\"wpb-content-wrapper\"><section  class=\"content-section\" ><div class=\"container\"><div class=\"vc_row wpb_row vc_row-fluid\"><div class=\"wpb_column vc_column_container vc_col-sm-12\"><div class=\"vc_column-inner\"><div class=\"wpb_wrapper\"><div class=\"vc_row wpb_row vc_inner vc_row-fluid\"><div class=\"wpb_column vc_column_container vc_col-sm-12\"><div class=\"vc_column-inner\"><div class=\"wpb_wrapper\"><div class=\"section-title  text-center \"  style='color:;'>\n    <h6> Estas interesado en TRANSMITIR tu evento deportivo con nosotros <\/h6>\n      <h2>Cont\u00e1ctanos<\/h2>\n  <\/div>\n<\/div><\/div><\/div><\/div><div class=\"vc_row wpb_row vc_inner vc_row-fluid\"><div class=\"wpb_column vc_column_container vc_col-sm-12 vc_col-md-4\"><div class=\"vc_column-inner\"><div class=\"wpb_wrapper\"><section class=\"vc_cta3-container\"><div class=\"vc_general vc_cta3 vc_cta3-style-classic vc_cta3-shape-rounded vc_cta3-align-left vc_cta3-color-classic vc_cta3-icon-size-md\"><div class=\"vc_cta3_content-container\"><div class=\"vc_cta3-content\"><header class=\"vc_cta3-content-header\"><h2>Tienes dudas de como funciona la plataforma de 6Media Sports<\/h2><\/header><p>Cont\u00e1ctanos para m\u00e1s informaci\u00f3n. Sin inversi\u00f3n, sin riesgos,. Obt\u00e9n el 50% de las ganancias netas (despu\u00e9s de impuestos y cargos extras).<\/p>\n<\/div><\/div><\/div><\/section><\/div><\/div><\/div><div class=\"wpb_column vc_column_container vc_col-sm-12 vc_col-md-4\"><div class=\"vc_column-inner\"><div class=\"wpb_wrapper\"><div class=\"contact-box\">\n  <figure> <img decoding=\"async\" src=\"https:\/\/6mediasports.com\/wp-content\/uploads\/2020\/12\/phone.png\" alt=\"phone\"> <\/figure>\n  <h5>LLAMA<\/h5>\n  <p>+ 52 686 2166070<\/p>\n<\/div>\n<\/div><\/div><\/div><div class=\"wpb_column vc_column_container vc_col-sm-12 vc_col-md-4\"><div class=\"vc_column-inner\"><div class=\"wpb_wrapper\"><div class=\"contact-box\">\n  <figure> <img decoding=\"async\" src=\"https:\/\/6mediasports.com\/wp-content\/uploads\/2020\/12\/mail.png\" alt=\"mail\"> <\/figure>\n  <h5>ESCR\u00cdBENOS<\/h5>\n  <p>contacto@6mediasports.com<\/p>\n<\/div>\n<\/div><\/div><\/div><\/div><\/div><\/div><\/div><\/div><\/div><\/section><section  class=\"content-section\" style=\"background-color: #f7f7f7;\"><div class=\"container\"><div class=\"vc_row wpb_row vc_row-fluid\"><div class=\"wpb_column vc_column_container vc_col-sm-12\"><div class=\"vc_column-inner\"><div class=\"wpb_wrapper\"><div class=\"vc_row wpb_row vc_inner vc_row-fluid\"><div class=\"wpb_column vc_column_container vc_col-sm-12\"><div class=\"vc_column-inner\"><div class=\"wpb_wrapper\"><div class=\"section-title  text-center \"  style='color:;'>\n    <h6> Env\u00eda los detalles de tu evento y un tel\u00e9fono para contactarnos. <\/h6>\n      <h2>Agenda tu evento<\/h2>\n  <\/div>\n<\/div><\/div><\/div><\/div><div class=\"vc_row wpb_row vc_inner vc_row-fluid\"><div class=\"wpb_column vc_column_container vc_col-sm-12 vc_col-md-offset-3 vc_col-md-6\"><div class=\"vc_column-inner\"><div class=\"wpb_wrapper\"><style id=\"wpforms-css-vars-617\">\n\t\t\t\t#wpforms-617 {\n\t\t\t\t\n\t\t\t}\n\t\t\t<\/style><div class=\"wpforms-container wpforms-container-full wpforms-render-modern\" id=\"wpforms-617\"><form id=\"wpforms-form-617\" class=\"wpforms-validate wpforms-form wpforms-ajax-form\" data-formid=\"617\" method=\"post\" enctype=\"multipart\/form-data\" action=\"\/en\/wp-json\/wp\/v2\/pages\/300\" data-token=\"8516aad26da52aa43336764605575ab7\" data-token-time=\"1777219232\"><noscript class=\"wpforms-error-noscript\">Please enable JavaScript in your browser to complete this form.<\/noscript><div id=\"wpforms-error-noscript\" style=\"display: none;\">Please enable JavaScript in your browser to complete this form.<\/div><div class=\"wpforms-field-container\"><div id=\"wpforms-617-field_0-container\" class=\"wpforms-field wpforms-field-name\" data-field-id=\"0\"><fieldset><legend class=\"wpforms-field-label\">Nombre <span class=\"wpforms-required-label\" aria-hidden=\"true\">*<\/span><\/legend><div class=\"wpforms-field-row wpforms-field-medium\"><div class=\"wpforms-field-row-block wpforms-first wpforms-one-half\"><input type=\"text\" id=\"wpforms-617-field_0\" class=\"wpforms-field-name-first wpforms-field-required\" name=\"wpforms[fields][0][first]\" aria-errormessage=\"wpforms-617-field_0-error\" required><label for=\"wpforms-617-field_0\" class=\"wpforms-field-sublabel after\">First<\/label><\/div><div class=\"wpforms-field-row-block wpforms-one-half\"><input type=\"text\" id=\"wpforms-617-field_0-last\" class=\"wpforms-field-name-last wpforms-field-required\" name=\"wpforms[fields][0][last]\" aria-errormessage=\"wpforms-617-field_0-last-error\" required><label for=\"wpforms-617-field_0-last\" class=\"wpforms-field-sublabel after\">Last<\/label><\/div><\/div><\/fieldset><\/div><div id=\"wpforms-617-field_1-container\" class=\"wpforms-field wpforms-field-email\" data-field-id=\"1\"><label class=\"wpforms-field-label\" for=\"wpforms-617-field_1\">Correo electr\u00f3nico <span class=\"wpforms-required-label\" aria-hidden=\"true\">*<\/span><\/label><input type=\"email\" id=\"wpforms-617-field_1\" class=\"wpforms-field-medium wpforms-field-required\" name=\"wpforms[fields][1]\" spellcheck=\"false\" aria-errormessage=\"wpforms-617-field_1-error\" required><\/div><div id=\"wpforms-617-field_3-container\" class=\"wpforms-field wpforms-field-payment-select wpforms-field-select-style-classic\" data-field-id=\"3\"><label class=\"wpforms-field-label\" for=\"wpforms-617-field_3\">Asunto<\/label><select id=\"wpforms-617-field_3\" class=\"wpforms-payment-price wpforms-field-medium\" name=\"wpforms[fields][3]\"><option value=\"1\" data-amount=\"10.00\" >Transmitir en 6Media Sport<\/option><option value=\"2\" data-amount=\"25.00\" >Transmitir en mi Web<\/option><\/select><\/div><div id=\"wpforms-617-field_2-container\" class=\"wpforms-field wpforms-field-textarea\" data-field-id=\"2\"><label class=\"wpforms-field-label\" for=\"wpforms-617-field_2\">Comentario o mensaje<\/label><textarea id=\"wpforms-617-field_2\" class=\"wpforms-field-medium\" name=\"wpforms[fields][2]\" aria-errormessage=\"wpforms-617-field_2-error\" ><\/textarea><\/div><\/div><!-- .wpforms-field-container --><div class=\"wpforms-recaptcha-container wpforms-is-recaptcha wpforms-is-recaptcha-type-v3\" ><input type=\"hidden\" name=\"wpforms[recaptcha]\" value=\"\"><\/div><div class=\"wpforms-submit-container\" ><input type=\"hidden\" name=\"wpforms[id]\" value=\"617\"><input type=\"hidden\" name=\"page_title\" value=\"\"><input type=\"hidden\" name=\"page_url\" value=\"https:\/\/6mediasports.com\/en\/wp-json\/wp\/v2\/pages\/300\"><input type=\"hidden\" name=\"url_referer\" value=\"\"><button type=\"submit\" name=\"wpforms[submit]\" id=\"wpforms-submit-617\" class=\"wpforms-submit\" data-alt-text=\"Enviando...\" data-submit-text=\"Enviar\" aria-live=\"assertive\" value=\"wpforms-submit\">Enviar<\/button><img loading=\"lazy\" decoding=\"async\" src=\"https:\/\/6mediasports.com\/wp-content\/plugins\/wpforms-lite\/assets\/images\/submit-spin.svg\" class=\"wpforms-submit-spinner\" style=\"display: none;\" width=\"26\" height=\"26\" alt=\"Loading\"><\/div><\/form><\/div>  <!-- .wpforms-container --><\/div><\/div><\/div><\/div><\/div><\/div><\/div><\/div><\/div><\/section>\n<\/section>","protected":false},"excerpt":{"rendered":"Estas interesado en TRANSMITIR tu evento deportivo con nosotros Cont\u00e1ctanos Tienes dudas de como funciona la plataforma de 6Media SportsCont\u00e1ctanos para m\u00e1s informaci\u00f3n. Sin inversi\u00f3n, sin riesgos,. Obt\u00e9n el 50% de las ganancias netas (despu\u00e9s de impuestos y cargos extras). LLAMA + 52 686 2166070 ESCR\u00cdBENOS contacto@6mediasports.com Env\u00eda los detalles de tu evento y un [...]","protected":false},"author":1,"featured_media":0,"parent":0,"menu_order":0,"comment_status":"closed","ping_status":"closed","template":"page-builder.php","meta":{"footnotes":""},"class_list":["post-300","page","type-page","status-publish","hentry"],"yoast_head":"<!-- This site is optimized with the Yoast SEO plugin v27.4 - https:\/\/yoast.com\/product\/yoast-seo-wordpress\/ -->\n<title>Contacto - 6MEDIA SPORTS<\/title>\n<meta name=\"robots\" content=\"index, follow, max-snippet:-1, max-image-preview:large, max-video-preview:-1\" \/>\n<link rel=\"canonical\" href=\"https:\/\/6mediasports.com\/en\/contacto\/\" \/>\n<meta property=\"og:locale\" content=\"en_US\" \/>\n<meta property=\"og:type\" content=\"article\" \/>\n<meta property=\"og:title\" content=\"Contacto - 6MEDIA SPORTS\" \/>\n<meta property=\"og:url\" content=\"https:\/\/6mediasports.com\/en\/contacto\/\" \/>\n<meta property=\"og:site_name\" content=\"6MEDIA SPORTS\" \/>\n<meta property=\"article:publisher\" content=\"https:\/\/www.facebook.com\/seismediavideo\" \/>\n<meta property=\"article:modified_time\" content=\"2025-04-21T03:48:04+00:00\" \/>\n<meta property=\"og:image\" content=\"https:\/\/6mediasports.com\/wp-content\/uploads\/2023\/07\/cropped-LOGO-SOLO.png\" \/>\n\t<meta property=\"og:image:width\" content=\"512\" \/>\n\t<meta property=\"og:image:height\" content=\"512\" \/>\n\t<meta property=\"og:image:type\" content=\"image\/png\" \/>\n<meta name=\"twitter:card\" content=\"summary_large_image\" \/>\n<meta name=\"twitter:label1\" content=\"Est. reading time\" \/>\n\t<meta name=\"twitter:data1\" content=\"1 minute\" \/>\n<script type=\"application\/ld+json\" class=\"yoast-schema-graph\">{\"@context\":\"https:\\\/\\\/schema.org\",\"@graph\":[{\"@type\":\"WebPage\",\"@id\":\"https:\\\/\\\/6mediasports.com\\\/contacto\\\/\",\"url\":\"https:\\\/\\\/6mediasports.com\\\/contacto\\\/\",\"name\":\"Contacto - 6MEDIA SPORTS\",\"isPartOf\":{\"@id\":\"https:\\\/\\\/6mediasports.com\\\/#website\"},\"datePublished\":\"2020-12-05T18:24:06+00:00\",\"dateModified\":\"2025-04-21T03:48:04+00:00\",\"breadcrumb\":{\"@id\":\"https:\\\/\\\/6mediasports.com\\\/contacto\\\/#breadcrumb\"},\"inLanguage\":\"en-US\",\"potentialAction\":[{\"@type\":\"ReadAction\",\"target\":[\"https:\\\/\\\/6mediasports.com\\\/contacto\\\/\"]}]},{\"@type\":\"BreadcrumbList\",\"@id\":\"https:\\\/\\\/6mediasports.com\\\/contacto\\\/#breadcrumb\",\"itemListElement\":[{\"@type\":\"ListItem\",\"position\":1,\"name\":\"Inicio\",\"item\":\"https:\\\/\\\/6mediasports.com\\\/\"},{\"@type\":\"ListItem\",\"position\":2,\"name\":\"Contacto\"}]},{\"@type\":\"WebSite\",\"@id\":\"https:\\\/\\\/6mediasports.com\\\/#website\",\"url\":\"https:\\\/\\\/6mediasports.com\\\/\",\"name\":\"6Media Sports\",\"description\":\"Lo mejor del deporte en vivo!!!\",\"publisher\":{\"@id\":\"https:\\\/\\\/6mediasports.com\\\/#organization\"},\"alternateName\":\"6MS\",\"potentialAction\":[{\"@type\":\"SearchAction\",\"target\":{\"@type\":\"EntryPoint\",\"urlTemplate\":\"https:\\\/\\\/6mediasports.com\\\/?s={search_term_string}\"},\"query-input\":{\"@type\":\"PropertyValueSpecification\",\"valueRequired\":true,\"valueName\":\"search_term_string\"}}],\"inLanguage\":\"en-US\"},{\"@type\":\"Organization\",\"@id\":\"https:\\\/\\\/6mediasports.com\\\/#organization\",\"name\":\"6Media Sports\",\"url\":\"https:\\\/\\\/6mediasports.com\\\/\",\"logo\":{\"@type\":\"ImageObject\",\"inLanguage\":\"en-US\",\"@id\":\"https:\\\/\\\/6mediasports.com\\\/#\\\/schema\\\/logo\\\/image\\\/\",\"url\":\"https:\\\/\\\/6mediasports.com\\\/wp-content\\\/uploads\\\/2023\\\/08\\\/sports-2.webp\",\"contentUrl\":\"https:\\\/\\\/6mediasports.com\\\/wp-content\\\/uploads\\\/2023\\\/08\\\/sports-2.webp\",\"width\":327,\"height\":162,\"caption\":\"6Media Sports\"},\"image\":{\"@id\":\"https:\\\/\\\/6mediasports.com\\\/#\\\/schema\\\/logo\\\/image\\\/\"},\"sameAs\":[\"https:\\\/\\\/www.facebook.com\\\/seismediavideo\",\"https:\\\/\\\/www.youtube.com\\\/@6mediasports\"]}]}<\/script>\n<!-- \/ Yoast SEO plugin. -->","yoast_head_json":{"title":"Contacto - 6MEDIA SPORTS","robots":{"index":"index","follow":"follow","max-snippet":"max-snippet:-1","max-image-preview":"max-image-preview:large","max-video-preview":"max-video-preview:-1"},"canonical":"https:\/\/6mediasports.com\/en\/contacto\/","og_locale":"en_US","og_type":"article","og_title":"Contacto - 6MEDIA SPORTS","og_url":"https:\/\/6mediasports.com\/en\/contacto\/","og_site_name":"6MEDIA SPORTS","article_publisher":"https:\/\/www.facebook.com\/seismediavideo","article_modified_time":"2025-04-21T03:48:04+00:00","og_image":[{"width":512,"height":512,"url":"https:\/\/6mediasports.com\/wp-content\/uploads\/2023\/07\/cropped-LOGO-SOLO.png","type":"image\/png"}],"twitter_card":"summary_large_image","twitter_misc":{"Est. reading time":"1 minute"},"schema":{"@context":"https:\/\/schema.org","@graph":[{"@type":"WebPage","@id":"https:\/\/6mediasports.com\/contacto\/","url":"https:\/\/6mediasports.com\/contacto\/","name":"Contacto - 6MEDIA SPORTS","isPartOf":{"@id":"https:\/\/6mediasports.com\/#website"},"datePublished":"2020-12-05T18:24:06+00:00","dateModified":"2025-04-21T03:48:04+00:00","breadcrumb":{"@id":"https:\/\/6mediasports.com\/contacto\/#breadcrumb"},"inLanguage":"en-US","potentialAction":[{"@type":"ReadAction","target":["https:\/\/6mediasports.com\/contacto\/"]}]},{"@type":"BreadcrumbList","@id":"https:\/\/6mediasports.com\/contacto\/#breadcrumb","itemListElement":[{"@type":"ListItem","position":1,"name":"Inicio","item":"https:\/\/6mediasports.com\/"},{"@type":"ListItem","position":2,"name":"Contacto"}]},{"@type":"WebSite","@id":"https:\/\/6mediasports.com\/#website","url":"https:\/\/6mediasports.com\/","name":"6Media Sports","description":"Lo mejor del deporte en vivo!!!","publisher":{"@id":"https:\/\/6mediasports.com\/#organization"},"alternateName":"6MS","potentialAction":[{"@type":"SearchAction","target":{"@type":"EntryPoint","urlTemplate":"https:\/\/6mediasports.com\/?s={search_term_string}"},"query-input":{"@type":"PropertyValueSpecification","valueRequired":true,"valueName":"search_term_string"}}],"inLanguage":"en-US"},{"@type":"Organization","@id":"https:\/\/6mediasports.com\/#organization","name":"6Media Sports","url":"https:\/\/6mediasports.com\/","logo":{"@type":"ImageObject","inLanguage":"en-US","@id":"https:\/\/6mediasports.com\/#\/schema\/logo\/image\/","url":"https:\/\/6mediasports.com\/wp-content\/uploads\/2023\/08\/sports-2.webp","contentUrl":"https:\/\/6mediasports.com\/wp-content\/uploads\/2023\/08\/sports-2.webp","width":327,"height":162,"caption":"6Media Sports"},"image":{"@id":"https:\/\/6mediasports.com\/#\/schema\/logo\/image\/"},"sameAs":["https:\/\/www.facebook.com\/seismediavideo","https:\/\/www.youtube.com\/@6mediasports"]}]}},"_links":{"self":[{"href":"https:\/\/6mediasports.com\/en\/wp-json\/wp\/v2\/pages\/300","targetHints":{"allow":["GET"]}}],"collection":[{"href":"https:\/\/6mediasports.com\/en\/wp-json\/wp\/v2\/pages"}],"about":[{"href":"https:\/\/6mediasports.com\/en\/wp-json\/wp\/v2\/types\/page"}],"author":[{"embeddable":true,"href":"https:\/\/6mediasports.com\/en\/wp-json\/wp\/v2\/users\/1"}],"replies":[{"embeddable":true,"href":"https:\/\/6mediasports.com\/en\/wp-json\/wp\/v2\/comments?post=300"}],"version-history":[{"count":1,"href":"https:\/\/6mediasports.com\/en\/wp-json\/wp\/v2\/pages\/300\/revisions"}],"predecessor-version":[{"id":3272,"href":"https:\/\/6mediasports.com\/en\/wp-json\/wp\/v2\/pages\/300\/revisions\/3272"}],"wp:attachment":[{"href":"https:\/\/6mediasports.com\/en\/wp-json\/wp\/v2\/media?parent=300"}],"curies":[{"name":"wp","href":"https:\/\/api.w.org\/{rel}","templated":true}]}}