{"id":1240,"date":"2023-09-10T11:46:45","date_gmt":"2023-09-10T18:46:45","guid":{"rendered":"https:\/\/sports.seismedia.com.mx\/?page_id=1240"},"modified":"2023-09-13T22:13:37","modified_gmt":"2023-09-14T05:13:37","slug":"admpagohdlv","status":"publish","type":"page","link":"https:\/\/6mediasports.com\/en\/admpagohdlv\/","title":{"rendered":"Administrador de Pagos HORA DE LA VERDAD"},"content":{"rendered":"<section class=\"wpb-content-wrapper\"><section  class=\"content-section\" ><div class=\"vc_row wpb_row vc_row-fluid\"><div class=\"wpb_column vc_column_container vc_col-sm-12\"><div class=\"vc_column-inner\"><div class=\"wpb_wrapper\"><div class=\"section-title  text-center\"  style='color:;'>\n    <h6> ACCESO AL PPV <\/h6>\n      <h2>COMPRAR HORA DE LA VERDAD<\/h2>\n  <\/div>\n<div class=\"section-title\"  style='color:;'>\n    <h6> PAGOS CON CUENTAS DE BANCOS EN M\u00c9XICO <\/h6>\n      <h2>PAGOS NACIONALES<\/h2>\n  <\/div>\n<div class=\"vc_row wpb_row vc_inner vc_row-fluid\"><div class=\"wpb_column vc_column_container vc_col-sm-6\"><div class=\"vc_column-inner\"><div class=\"wpb_wrapper\">\n\t<div class=\"wpb_text_column wpb_content_element\" >\n\t\t<div class=\"wpb_wrapper\">\n\t\t\t<p>Paga con Tarjetas de d\u00e9bito y cr\u00e9dito de Bancos en M\u00e9xico. SE ACREDITA DE INMEDIATO<\/p>\n\n\t\t<\/div>\n\t<\/div>\n<a href=\"https:\/\/6media.memberful.com\/checkout?plan=99927\" class=\"custom-button\"> \n\tPagar \n<\/a>\n\n\t<div class=\"wpb_text_column wpb_content_element\" >\n\t\t<div class=\"wpb_wrapper\">\n\t\t\t\n\t\t<\/div>\n\t<\/div>\n<\/div><\/div><\/div><div class=\"wpb_column vc_column_container vc_col-sm-6\"><div class=\"vc_column-inner\"><div class=\"wpb_wrapper\">\n\t<div class=\"wpb_text_column wpb_content_element\" >\n\t\t<div class=\"wpb_wrapper\">\n\t\t\t<p>Paga con MercadoPago: Usa tu cuenta de MercadoPago para pagos con tarjeta de cr\u00e9dito o d\u00e9bito. Paga en Efectivo en Oxxo y Tiendas participantes. LOS PAGOS EN EFECTIVO SE ACREDITAN HASTA EN 48 HORAS.<\/p>\n\n\t\t<\/div>\n\t<\/div>\n\n\t<div class=\"wpb_raw_code wpb_content_element wpb_raw_html\" >\n\t\t<div class=\"wpb_wrapper\">\n\t\t\t<script src=\"https:\/\/www.mercadopago.com.mx\/integrations\/v1\/web-payment-checkout.js\"\ndata-preference-id=\"44529020-83c1c4c3-8aaa-467d-8550-ad2083742175\" data-source=\"button\">\n<\/script>\n\n\t\t<\/div>\n\t<\/div>\n<\/div><\/div><\/div><\/div><div class=\"vc_separator wpb_content_element vc_separator_align_center vc_sep_width_100 vc_sep_pos_align_center vc_separator_no_text vc_sep_color_grey\" ><span class=\"vc_sep_holder vc_sep_holder_l\"><span class=\"vc_sep_line\"><\/span><\/span><span class=\"vc_sep_holder vc_sep_holder_r\"><span class=\"vc_sep_line\"><\/span><\/span>\n<\/div><div class=\"section-title\"  style='color:;'>\n      <h2>US Y RESTO DEL MUNDO<\/h2>\n  <\/div>\n<div class=\"vc_row wpb_row vc_inner vc_row-fluid\"><div class=\"wpb_column vc_column_container vc_col-sm-4\"><div class=\"vc_column-inner\"><div class=\"wpb_wrapper\">\n\t<div class=\"wpb_text_column wpb_content_element\" >\n\t\t<div class=\"wpb_wrapper\">\n\t\t\t<p>Para pagos fuera de M\u00e9xico utilice PayPal.\u00a0LOS PAGOS PUEDEN TARDAR HASTA 2 HORAS EN ACREDITARSE<\/p>\n\n\t\t<\/div>\n\t<\/div>\n<\/div><\/div><\/div><div class=\"wpb_column vc_column_container vc_col-sm-4\"><div class=\"vc_column-inner\"><div class=\"wpb_wrapper\">\n\t<div class=\"wpb_raw_code wpb_content_element wpb_raw_html\" >\n\t\t<div class=\"wpb_wrapper\">\n\t\t\t<form action=\"https:\/\/www.paypal.com\/cgi-bin\/webscr\" method=\"post\" target=\"_top\">\n  <input type=\"hidden\" name=\"cmd\" value=\"_s-xclick\" \/>\n  <input type=\"hidden\" name=\"hosted_button_id\" value=\"H4YMMGSPSMK2W\" \/>\n  <input type=\"hidden\" name=\"currency_code\" value=\"USD\" \/>\n  <input type=\"image\" src=\"https:\/\/www.paypalobjects.com\/en_US\/i\/btn\/btn_buynowCC_LG.gif\" border=\"0\" name=\"submit\" title=\"PayPal - The safer, easier way to pay online!\" alt=\"Buy Now\" \/>\n<\/form>\n\t\t<\/div>\n\t<\/div>\n<\/div><\/div><\/div><div class=\"wpb_column vc_column_container vc_col-sm-4\"><div class=\"vc_column-inner\"><div class=\"wpb_wrapper\"><\/div><\/div><\/div><\/div><div class=\"vc_separator wpb_content_element vc_separator_align_center vc_sep_width_100 vc_sep_pos_align_center vc_separator_no_text vc_sep_color_grey\" ><span class=\"vc_sep_holder vc_sep_holder_l\"><span class=\"vc_sep_line\"><\/span><\/span><span class=\"vc_sep_holder vc_sep_holder_r\"><span class=\"vc_sep_line\"><\/span><\/span>\n<\/div><div class=\"vc_row wpb_row vc_inner vc_row-fluid\"><div class=\"wpb_column vc_column_container vc_col-sm-1\/5\"><div class=\"vc_column-inner\"><div class=\"wpb_wrapper\"><\/div><\/div><\/div><div class=\"wpb_column vc_column_container vc_col-sm-1\/5\"><div class=\"vc_column-inner\"><div class=\"wpb_wrapper\"><\/div><\/div><\/div><div class=\"wpb_column vc_column_container vc_col-sm-1\/5\"><div class=\"vc_column-inner\"><div class=\"wpb_wrapper\"><\/div><\/div><\/div><div class=\"wpb_column vc_column_container vc_col-sm-1\/5\"><div class=\"vc_column-inner\"><div class=\"wpb_wrapper\"><a href=\"https:\/\/6mediasports.com\/en\/horadelaverdad\/\" class=\"custom-button\"> \n\tIR AL PPV \n<\/a>\n\n\t<div class=\"wpb_text_column wpb_content_element\" >\n\t\t<div class=\"wpb_wrapper\">\n\t\t\t\n\t\t<\/div>\n\t<\/div>\n<\/div><\/div><\/div><div class=\"wpb_column vc_column_container vc_col-sm-1\/5\"><div class=\"vc_column-inner\"><div class=\"wpb_wrapper\"><a href=\"https:\/\/6mediasports.com\/en\/\" class=\"custom-button\"> \n\tINICIO \n<\/a>\n<\/div><\/div><\/div><\/div><\/div><\/div><\/div><\/div><\/section>\n<\/section>","protected":false},"excerpt":{"rendered":"ACCESO AL PPV COMPRAR HORA DE LA VERDAD PAGOS CON CUENTAS DE BANCOS EN M\u00c9XICO PAGOS NACIONALES Paga con Tarjetas de d\u00e9bito y cr\u00e9dito de Bancos en M\u00e9xico. SE ACREDITA DE INMEDIATO Pagar Paga con MercadoPago: Usa tu cuenta de MercadoPago para pagos con tarjeta de cr\u00e9dito o d\u00e9bito. Paga en Efectivo en Oxxo y [...]","protected":false},"author":1,"featured_media":0,"parent":0,"menu_order":0,"comment_status":"closed","ping_status":"closed","template":"","meta":{"footnotes":""},"class_list":["post-1240","page","type-page","status-publish","hentry"],"yoast_head":"<!-- This site is optimized with the Yoast SEO plugin v27.3 - https:\/\/yoast.com\/product\/yoast-seo-wordpress\/ -->\n<title>Administrador de Pagos HORA DE LA VERDAD - 6MEDIA SPORTS<\/title>\n<meta name=\"description\" content=\"Realiza el pago del PPV HORA DE LA VERDAD presentado por GLADIADOR PROMOTIONS. Se aceptan pagos con Stripe Mercado Pago y Paypal.\" \/>\n<meta name=\"robots\" content=\"index, follow, max-snippet:-1, max-image-preview:large, max-video-preview:-1\" \/>\n<link rel=\"canonical\" href=\"https:\/\/6mediasports.com\/en\/admpagohdlv\/\" \/>\n<meta property=\"og:locale\" content=\"en_US\" \/>\n<meta property=\"og:type\" content=\"article\" \/>\n<meta property=\"og:title\" content=\"Administrador de Pagos HORA DE LA VERDAD - 6MEDIA SPORTS\" \/>\n<meta property=\"og:description\" content=\"Realiza el pago del PPV HORA DE LA VERDAD presentado por GLADIADOR PROMOTIONS. Se aceptan pagos con Stripe Mercado Pago y Paypal.\" \/>\n<meta property=\"og:url\" content=\"https:\/\/6mediasports.com\/en\/admpagohdlv\/\" \/>\n<meta property=\"og:site_name\" content=\"6MEDIA SPORTS\" \/>\n<meta property=\"article:publisher\" content=\"https:\/\/www.facebook.com\/seismediavideo\" \/>\n<meta property=\"article:modified_time\" content=\"2023-09-14T05:13:37+00:00\" \/>\n<meta property=\"og:image\" content=\"https:\/\/6mediasports.com\/wp-content\/uploads\/2023\/07\/cropped-LOGO-SOLO.png\" \/>\n\t<meta property=\"og:image:width\" content=\"512\" \/>\n\t<meta property=\"og:image:height\" content=\"512\" \/>\n\t<meta property=\"og:image:type\" content=\"image\/png\" \/>\n<meta name=\"twitter:card\" content=\"summary_large_image\" \/>\n<meta name=\"twitter:label1\" content=\"Est. reading time\" \/>\n\t<meta name=\"twitter:data1\" content=\"1 minute\" \/>\n<script type=\"application\/ld+json\" class=\"yoast-schema-graph\">{\"@context\":\"https:\\\/\\\/schema.org\",\"@graph\":[{\"@type\":\"WebPage\",\"@id\":\"https:\\\/\\\/6mediasports.com\\\/admpagohdlv\\\/\",\"url\":\"https:\\\/\\\/6mediasports.com\\\/admpagohdlv\\\/\",\"name\":\"Administrador de Pagos HORA DE LA VERDAD - 6MEDIA SPORTS\",\"isPartOf\":{\"@id\":\"https:\\\/\\\/6mediasports.com\\\/#website\"},\"datePublished\":\"2023-09-10T18:46:45+00:00\",\"dateModified\":\"2023-09-14T05:13:37+00:00\",\"description\":\"Realiza el pago del PPV HORA DE LA VERDAD presentado por GLADIADOR PROMOTIONS. Se aceptan pagos con Stripe Mercado Pago y Paypal.\",\"breadcrumb\":{\"@id\":\"https:\\\/\\\/6mediasports.com\\\/admpagohdlv\\\/#breadcrumb\"},\"inLanguage\":\"en-US\",\"potentialAction\":[{\"@type\":\"ReadAction\",\"target\":[\"https:\\\/\\\/6mediasports.com\\\/admpagohdlv\\\/\"]}]},{\"@type\":\"BreadcrumbList\",\"@id\":\"https:\\\/\\\/6mediasports.com\\\/admpagohdlv\\\/#breadcrumb\",\"itemListElement\":[{\"@type\":\"ListItem\",\"position\":1,\"name\":\"Inicio\",\"item\":\"https:\\\/\\\/6mediasports.com\\\/\"},{\"@type\":\"ListItem\",\"position\":2,\"name\":\"Administrador de Pagos HORA DE LA VERDAD\"}]},{\"@type\":\"WebSite\",\"@id\":\"https:\\\/\\\/6mediasports.com\\\/#website\",\"url\":\"https:\\\/\\\/6mediasports.com\\\/\",\"name\":\"6Media Sports\",\"description\":\"Lo mejor del deporte en vivo!!!\",\"publisher\":{\"@id\":\"https:\\\/\\\/6mediasports.com\\\/#organization\"},\"alternateName\":\"6MS\",\"potentialAction\":[{\"@type\":\"SearchAction\",\"target\":{\"@type\":\"EntryPoint\",\"urlTemplate\":\"https:\\\/\\\/6mediasports.com\\\/?s={search_term_string}\"},\"query-input\":{\"@type\":\"PropertyValueSpecification\",\"valueRequired\":true,\"valueName\":\"search_term_string\"}}],\"inLanguage\":\"en-US\"},{\"@type\":\"Organization\",\"@id\":\"https:\\\/\\\/6mediasports.com\\\/#organization\",\"name\":\"6Media Sports\",\"url\":\"https:\\\/\\\/6mediasports.com\\\/\",\"logo\":{\"@type\":\"ImageObject\",\"inLanguage\":\"en-US\",\"@id\":\"https:\\\/\\\/6mediasports.com\\\/#\\\/schema\\\/logo\\\/image\\\/\",\"url\":\"https:\\\/\\\/6mediasports.com\\\/wp-content\\\/uploads\\\/2023\\\/08\\\/sports-2.webp\",\"contentUrl\":\"https:\\\/\\\/6mediasports.com\\\/wp-content\\\/uploads\\\/2023\\\/08\\\/sports-2.webp\",\"width\":327,\"height\":162,\"caption\":\"6Media Sports\"},\"image\":{\"@id\":\"https:\\\/\\\/6mediasports.com\\\/#\\\/schema\\\/logo\\\/image\\\/\"},\"sameAs\":[\"https:\\\/\\\/www.facebook.com\\\/seismediavideo\",\"https:\\\/\\\/www.youtube.com\\\/@6mediasports\"]}]}<\/script>\n<!-- \/ Yoast SEO plugin. -->","yoast_head_json":{"title":"Administrador de Pagos HORA DE LA VERDAD - 6MEDIA SPORTS","description":"Realiza el pago del PPV HORA DE LA VERDAD presentado por GLADIADOR PROMOTIONS. Se aceptan pagos con Stripe Mercado Pago y Paypal.","robots":{"index":"index","follow":"follow","max-snippet":"max-snippet:-1","max-image-preview":"max-image-preview:large","max-video-preview":"max-video-preview:-1"},"canonical":"https:\/\/6mediasports.com\/en\/admpagohdlv\/","og_locale":"en_US","og_type":"article","og_title":"Administrador de Pagos HORA DE LA VERDAD - 6MEDIA SPORTS","og_description":"Realiza el pago del PPV HORA DE LA VERDAD presentado por GLADIADOR PROMOTIONS. Se aceptan pagos con Stripe Mercado Pago y Paypal.","og_url":"https:\/\/6mediasports.com\/en\/admpagohdlv\/","og_site_name":"6MEDIA SPORTS","article_publisher":"https:\/\/www.facebook.com\/seismediavideo","article_modified_time":"2023-09-14T05:13:37+00:00","og_image":[{"width":512,"height":512,"url":"https:\/\/6mediasports.com\/wp-content\/uploads\/2023\/07\/cropped-LOGO-SOLO.png","type":"image\/png"}],"twitter_card":"summary_large_image","twitter_misc":{"Est. reading time":"1 minute"},"schema":{"@context":"https:\/\/schema.org","@graph":[{"@type":"WebPage","@id":"https:\/\/6mediasports.com\/admpagohdlv\/","url":"https:\/\/6mediasports.com\/admpagohdlv\/","name":"Administrador de Pagos HORA DE LA VERDAD - 6MEDIA SPORTS","isPartOf":{"@id":"https:\/\/6mediasports.com\/#website"},"datePublished":"2023-09-10T18:46:45+00:00","dateModified":"2023-09-14T05:13:37+00:00","description":"Realiza el pago del PPV HORA DE LA VERDAD presentado por GLADIADOR PROMOTIONS. Se aceptan pagos con Stripe Mercado Pago y Paypal.","breadcrumb":{"@id":"https:\/\/6mediasports.com\/admpagohdlv\/#breadcrumb"},"inLanguage":"en-US","potentialAction":[{"@type":"ReadAction","target":["https:\/\/6mediasports.com\/admpagohdlv\/"]}]},{"@type":"BreadcrumbList","@id":"https:\/\/6mediasports.com\/admpagohdlv\/#breadcrumb","itemListElement":[{"@type":"ListItem","position":1,"name":"Inicio","item":"https:\/\/6mediasports.com\/"},{"@type":"ListItem","position":2,"name":"Administrador de Pagos HORA DE LA VERDAD"}]},{"@type":"WebSite","@id":"https:\/\/6mediasports.com\/#website","url":"https:\/\/6mediasports.com\/","name":"6Media Sports","description":"Lo mejor del deporte en vivo!!!","publisher":{"@id":"https:\/\/6mediasports.com\/#organization"},"alternateName":"6MS","potentialAction":[{"@type":"SearchAction","target":{"@type":"EntryPoint","urlTemplate":"https:\/\/6mediasports.com\/?s={search_term_string}"},"query-input":{"@type":"PropertyValueSpecification","valueRequired":true,"valueName":"search_term_string"}}],"inLanguage":"en-US"},{"@type":"Organization","@id":"https:\/\/6mediasports.com\/#organization","name":"6Media Sports","url":"https:\/\/6mediasports.com\/","logo":{"@type":"ImageObject","inLanguage":"en-US","@id":"https:\/\/6mediasports.com\/#\/schema\/logo\/image\/","url":"https:\/\/6mediasports.com\/wp-content\/uploads\/2023\/08\/sports-2.webp","contentUrl":"https:\/\/6mediasports.com\/wp-content\/uploads\/2023\/08\/sports-2.webp","width":327,"height":162,"caption":"6Media Sports"},"image":{"@id":"https:\/\/6mediasports.com\/#\/schema\/logo\/image\/"},"sameAs":["https:\/\/www.facebook.com\/seismediavideo","https:\/\/www.youtube.com\/@6mediasports"]}]}},"_links":{"self":[{"href":"https:\/\/6mediasports.com\/en\/wp-json\/wp\/v2\/pages\/1240","targetHints":{"allow":["GET"]}}],"collection":[{"href":"https:\/\/6mediasports.com\/en\/wp-json\/wp\/v2\/pages"}],"about":[{"href":"https:\/\/6mediasports.com\/en\/wp-json\/wp\/v2\/types\/page"}],"author":[{"embeddable":true,"href":"https:\/\/6mediasports.com\/en\/wp-json\/wp\/v2\/users\/1"}],"replies":[{"embeddable":true,"href":"https:\/\/6mediasports.com\/en\/wp-json\/wp\/v2\/comments?post=1240"}],"version-history":[{"count":9,"href":"https:\/\/6mediasports.com\/en\/wp-json\/wp\/v2\/pages\/1240\/revisions"}],"predecessor-version":[{"id":1276,"href":"https:\/\/6mediasports.com\/en\/wp-json\/wp\/v2\/pages\/1240\/revisions\/1276"}],"wp:attachment":[{"href":"https:\/\/6mediasports.com\/en\/wp-json\/wp\/v2\/media?parent=1240"}],"curies":[{"name":"wp","href":"https:\/\/api.w.org\/{rel}","templated":true}]}}